{"id":95,"date":"2024-02-18T12:10:43","date_gmt":"2024-02-18T11:10:43","guid":{"rendered":"https:\/\/www.mars13.org\/?page_id=95"},"modified":"2024-10-22T12:42:46","modified_gmt":"2024-10-22T10:42:46","slug":"lassociation","status":"publish","type":"page","link":"https:\/\/www.mars13.org\/index.php\/lassociation\/","title":{"rendered":"L&rsquo;Association"},"content":{"rendered":"\n<p>L&rsquo;Association Sportive LGBT-friendly MARS (MArseille Rainbow Sport, loi 1901) a pour mission principale de cr\u00e9er un espace sportif inclusif et bienveillant, accueillant toute personne d\u00e9sireuse de pratiquer le sport dans un environnement respectueux, sans discrimination fond\u00e9e sur l&rsquo;orientation sexuelle, l&rsquo;identit\u00e9 de genre, l&rsquo;origine ou le statut migratoire. &nbsp;<\/p>\n\n\n\n<p>MARS a \u00e9t\u00e9 cr\u00e9\u00e9e en d\u00e9cembre 2023 par un groupe d\u2019amis LGBT et H\u00e9t\u00e9ros, ensemble, pour faire du sport de mani\u00e8re conviviale, ouvert \u00e0 toutes et tous et ind\u00e9pendamment du niveau sportif. Chacun a ses propres limites mais notre envie nous pousse \u00e0&nbsp;devenir meilleurs.<br>Le but principal de l\u2019association est d\u2019aider chacun \u00e0 atteindre son potentiel athl\u00e9tique maximal, ce qui aide certainement \u00e0 se sentir bien dans la vie.<\/p>\n\n\n\n<p>Ses objectifs sont&nbsp;:<\/p>\n\n\n\n<p><strong>Promouvoir le Sport Inclusif :<\/strong> Nous aspirons \u00e0 offrir un cadre o\u00f9 chacun se sent \u00e0 l&rsquo;aise pour pratiquer diff\u00e9rentes disciplines sportives, favorisant ainsi l&rsquo;\u00e9panouissement individuel et la coh\u00e9sion sociale.<\/p>\n\n\n\n<p><strong>C\u00e9l\u00e9brer la Diversit\u00e9 et Favoriser l&rsquo;Inclusion :<\/strong> Nous nous engageons \u00e0 encourager la diversit\u00e9 en promouvant la participation de personnes de toutes origines, orientations sexuelles, identit\u00e9s de genre et situations migratoires, cr\u00e9ant ainsi une communaut\u00e9 unie par le sport.<\/p>\n\n\n\n<p><strong>Soutien aux Demandeurs d&rsquo;Asile et aux Migrants :<\/strong> Notre association se veut \u00eatre un lieu d&rsquo;accueil pour les demandeurs d&rsquo;asile et les migrants, en leur offrant un espace de partage et d&rsquo;int\u00e9gration \u00e0 travers le sport, tout en leur fournissant un soutien logistique et social pour faciliter leur adaptation dans la soci\u00e9t\u00e9 fran\u00e7aise. Dans cette optique, nous avons tissu des liens tr\u00e8s fort avec l&rsquo;association RML (R\u00e9fugi\u00e9s et Migrants LGBT) et l&rsquo;AUP (Association des Usagers de la Pada de Marseille).<\/p>\n\n\n\n<p>Nous proposons les activit\u00e9s suivantes : foot, l\u2019athl\u00e9tisme, volley et beach volley, p\u00e9tanque et tennis de table. Le d\u00e9but hebdomadaire des activit\u00e9s est pr\u00e9vu pour Septembre 2024, mais des activit\u00e9s ponctuelles (sportives et conviviales) seront organis\u00e9es bien avant.  D&rsquo;autres activit\u00e9s pourrons commencer si on trouvera des structures et de b\u00e9n\u00e9voles !<\/p>\n\n\n\n<p>Comme d\u00e9j\u00e0 \u00e9voqu\u00e9, nous sommes dans un environnement gay friendly mais pas gay-exclusif ! MARS est ouvert \u00e0 nos amis\/es h\u00e9t\u00e9rosexuels\/elles. Trois membres du bureau sur six sont h\u00e9t\u00e9rosexuels !<br>Nous esp\u00e9rons avoir de plus en plus de filles aussi&nbsp;\u00e0&nbsp;nos entra\u00eenements. Nos statuts sont bien clairs sur ce point-l\u00e0.<\/p>\n\n\n\n<p>Nous sommes d\u00e9j\u00e0 affili\u00e9s \u00e0 la FSGT. Dans un future proche nous souhaitons s&rsquo;affilier \u00e0 la EGLSF, la FS LGBT+ et la FFA (en cours).<\/p>\n\n\n\n<p><strong><a href=\"https:\/\/www.mars13.org\/index.php\/le-bureau-de-mars\/\" data-type=\"page\" data-id=\"107\">Le Bureau de MARS !!!<\/a><\/strong><\/p>\n\n\n\n<p><strong><a href=\"https:\/\/www.mars13.org\/index.php\/le-ca-de-mars\/\" data-type=\"page\" data-id=\"104\">Le CA de MARS !!!<\/a><\/strong><\/p>\n\n\n\n<p><strong>Documents officiels:<\/strong><\/p>\n\n\n\n<p><strong>Statuts :<\/strong><\/p>\n\n\n\n<p><strong><a href=\"https:\/\/www.mars13.org\/wp-content\/uploads\/2024\/02\/Statuts-AG-Constituente-Finale.pdf\" data-type=\"attachment\" data-id=\"73\">Statuts_MARS<\/a><\/strong><\/p>\n\n\n\n<p><strong>R\u00e8glement Int\u00e9rieur<\/strong><\/p>\n\n\n\n<p><strong><a href=\"https:\/\/www.mars13.org\/wp-content\/uploads\/2024\/02\/Reglement-interieur-Mars.pdf\" data-type=\"attachment\" data-id=\"72\">Reglement_MARS<\/a><\/strong><\/p>\n\n\n\n<p><strong>Charte de MARS :<\/strong><\/p>\n\n\n\n<p><strong><a href=\"https:\/\/www.mars13.org\/wp-content\/uploads\/2024\/02\/Charte-Mars-FINALE.pdf\" data-type=\"attachment\" data-id=\"100\">Charte_MARS<\/a><\/strong><\/p>\n\n\n\n<p><strong>ADH\u00c9SION (JUSQU\u2019\u00c0 AO\u00dbT 2025)<\/strong> :<\/p>\n\n\n\n<p><strong>Adh\u00e9sions en ligne (pr\u00e9f\u00e9rons cette modalit\u00e9 !)<\/strong> <\/p>\n\n\n\n<p><strong><a href=\"https:\/\/tinyurl.com\/29b89av4\" data-type=\"link\" data-id=\"https:\/\/tinyurl.com\/29b89av4\">C&rsquo;est par ici ! Sign up here !<\/a><\/strong><\/p>\n\n\n\n<p>L\u2019adh\u00e9sion a MARS est de 10 Eur par an.<\/p>\n\n\n\n<p>Une contribution additionnelle par sport est demand\u00e9e :<\/p>\n\n\n\n<p>15 Eur pour un sport<\/p>\n\n\n\n<p>25 Eur pour deux sports<\/p>\n\n\n\n<p>35 Eur pour trois sports<\/p>\n\n\n\n<p>45 Eur pour quatre sports ou plus<\/p>\n\n\n\n<p>35 Eur pour la Licence FSGT (championnat de foot a 7)<\/p>\n\n\n\n<p>Ch\u00f4meurs et \u00e9tudiants ont 50% de remise sur tout.<\/p>\n\n\n\n<p>LES DONS sont tr\u00e8s appr\u00e9cies et d\u00e9ductible des imp\u00f4ts (demandez une re\u00e7ue)<\/p>\n\n\n\n<p>Activit\u00e9s gratuites pour demandeurs d&rsquo;asile et migrants (ils.elles peuvent faire un don s&rsquo;ils.elles le souhaitent).<\/p>\n\n\n\n<p><\/p>\n\n\n\n<figure class=\"wp-block-image size-large\"><img loading=\"lazy\" decoding=\"async\" width=\"1024\" height=\"630\" src=\"http:\/\/www.mars13.org\/wp-content\/uploads\/2024\/02\/logo_mars2-1024x630.jpg\" alt=\"\" class=\"wp-image-70\" srcset=\"https:\/\/www.mars13.org\/wp-content\/uploads\/2024\/02\/logo_mars2-1024x630.jpg 1024w, https:\/\/www.mars13.org\/wp-content\/uploads\/2024\/02\/logo_mars2-300x185.jpg 300w, https:\/\/www.mars13.org\/wp-content\/uploads\/2024\/02\/logo_mars2-768x473.jpg 768w, https:\/\/www.mars13.org\/wp-content\/uploads\/2024\/02\/logo_mars2.jpg 1310w\" sizes=\"auto, (max-width: 1024px) 100vw, 1024px\" \/><\/figure>\n","protected":false},"excerpt":{"rendered":"<p>L&rsquo;Association Sportive LGBT-friendly MARS (MArseille Rainbow Sport, loi 1901) a pour mission principale de cr\u00e9er un espace sportif inclusif et bienveillant, accueillant toute personne d\u00e9sireuse de pratiquer le sport dans un environnement respectueux, sans discrimination fond\u00e9e sur l&rsquo;orientation sexuelle, l&rsquo;identit\u00e9 &hellip; <a href=\"https:\/\/www.mars13.org\/index.php\/lassociation\/\">Continuer la lecture <span class=\"meta-nav\">&rarr;<\/span><\/a><\/p>\n","protected":false},"author":2,"featured_media":0,"parent":0,"menu_order":0,"comment_status":"closed","ping_status":"closed","template":"onecolumn-page.php","meta":{"footnotes":""},"class_list":["post-95","page","type-page","status-publish","hentry"],"_links":{"self":[{"href":"https:\/\/www.mars13.org\/index.php\/wp-json\/wp\/v2\/pages\/95","targetHints":{"allow":["GET"]}}],"collection":[{"href":"https:\/\/www.mars13.org\/index.php\/wp-json\/wp\/v2\/pages"}],"about":[{"href":"https:\/\/www.mars13.org\/index.php\/wp-json\/wp\/v2\/types\/page"}],"author":[{"embeddable":true,"href":"https:\/\/www.mars13.org\/index.php\/wp-json\/wp\/v2\/users\/2"}],"replies":[{"embeddable":true,"href":"https:\/\/www.mars13.org\/index.php\/wp-json\/wp\/v2\/comments?post=95"}],"version-history":[{"count":13,"href":"https:\/\/www.mars13.org\/index.php\/wp-json\/wp\/v2\/pages\/95\/revisions"}],"predecessor-version":[{"id":556,"href":"https:\/\/www.mars13.org\/index.php\/wp-json\/wp\/v2\/pages\/95\/revisions\/556"}],"wp:attachment":[{"href":"https:\/\/www.mars13.org\/index.php\/wp-json\/wp\/v2\/media?parent=95"}],"curies":[{"name":"wp","href":"https:\/\/api.w.org\/{rel}","templated":true}]}}